{"id":5642,"date":"2017-11-05T21:49:25","date_gmt":"2017-11-05T20:49:25","guid":{"rendered":"https:\/\/mylidin.fr\/?page_id=5642"},"modified":"2018-05-21T23:53:39","modified_gmt":"2018-05-21T21:53:39","slug":"vitrine","status":"publish","type":"page","link":"https:\/\/mylidin.fr\/?page_id=5642","title":{"rendered":"vitrine"},"content":{"rendered":"\n\t\t<style type=\"text\/css\">\n\t\t\t#gallery-1 {\n\t\t\t\tmargin: auto;\n\t\t\t}\n\t\t\t#gallery-1 .gallery-item {\n\t\t\t\tfloat: left;\n\t\t\t\tmargin-top: 10px;\n\t\t\t\ttext-align: center;\n\t\t\t\twidth: 33%;\n\t\t\t}\n\t\t\t#gallery-1 img {\n\t\t\t\tborder: 2px solid #cfcfcf;\n\t\t\t}\n\t\t\t#gallery-1 .gallery-caption {\n\t\t\t\tmargin-left: 0;\n\t\t\t}\n\t\t\t\/* see gallery_shortcode() in wp-includes\/media.php *\/\n\t\t<\/style>\n\t\t<div id='gallery-1' class='gallery galleryid-5642 gallery-columns-3 gallery-size-thumbnail'><dl class='gallery-item'>\n\t\t\t<dt class='gallery-icon landscape'>\n\t\t\t\t<a href='https:\/\/mylidin.fr\/?attachment_id=5748'><img loading=\"lazy\" decoding=\"async\" width=\"150\" height=\"150\" src=\"https:\/\/mylidin.fr\/wp-content\/uploads\/2017\/11\/WP_20180513_17_45_11_s-150x150.jpg\" class=\"attachment-thumbnail size-thumbnail\" alt=\"\" aria-describedby=\"gallery-1-5748\" srcset=\"https:\/\/mylidin.fr\/wp-content\/uploads\/2017\/11\/WP_20180513_17_45_11_s-150x150.jpg 150w, https:\/\/mylidin.fr\/wp-content\/uploads\/2017\/11\/WP_20180513_17_45_11_s-640x640.jpg 640w\" sizes=\"auto, (max-width: 150px) 100vw, 150px\" \/><\/a>\n\t\t\t<\/dt>\n\t\t\t\t<dd class='wp-caption-text gallery-caption' id='gallery-1-5748'>\n\t\t\t\tVall\u00e9e de l&rsquo;Evre, Boissi\u00e8re-sur-Evre\n\t\t\t\t<\/dd><\/dl><dl class='gallery-item'>\n\t\t\t<dt class='gallery-icon landscape'>\n\t\t\t\t<a href='https:\/\/mylidin.fr\/?attachment_id=5747'><img loading=\"lazy\" decoding=\"async\" width=\"150\" height=\"150\" src=\"https:\/\/mylidin.fr\/wp-content\/uploads\/2017\/11\/WP_20180513_17_53_51_s-150x150.jpg\" class=\"attachment-thumbnail size-thumbnail\" alt=\"\" aria-describedby=\"gallery-1-5747\" srcset=\"https:\/\/mylidin.fr\/wp-content\/uploads\/2017\/11\/WP_20180513_17_53_51_s-150x150.jpg 150w, https:\/\/mylidin.fr\/wp-content\/uploads\/2017\/11\/WP_20180513_17_53_51_s-640x640.jpg 640w\" sizes=\"auto, (max-width: 150px) 100vw, 150px\" \/><\/a>\n\t\t\t<\/dt>\n\t\t\t\t<dd class='wp-caption-text gallery-caption' id='gallery-1-5747'>\n\t\t\t\tVall\u00e9e de l&rsquo;Evre, Boissi\u00e8re-sur-Evre\n\t\t\t\t<\/dd><\/dl><dl class='gallery-item'>\n\t\t\t<dt class='gallery-icon landscape'>\n\t\t\t\t<a href='https:\/\/mylidin.fr\/?attachment_id=5751'><img loading=\"lazy\" decoding=\"async\" width=\"150\" height=\"150\" src=\"https:\/\/mylidin.fr\/wp-content\/uploads\/2017\/11\/WP_20180513_15_28_00_s-150x150.jpg\" class=\"attachment-thumbnail size-thumbnail\" alt=\"\" aria-describedby=\"gallery-1-5751\" srcset=\"https:\/\/mylidin.fr\/wp-content\/uploads\/2017\/11\/WP_20180513_15_28_00_s-150x150.jpg 150w, https:\/\/mylidin.fr\/wp-content\/uploads\/2017\/11\/WP_20180513_15_28_00_s-640x640.jpg 640w\" sizes=\"auto, (max-width: 150px) 100vw, 150px\" \/><\/a>\n\t\t\t<\/dt>\n\t\t\t\t<dd class='wp-caption-text gallery-caption' id='gallery-1-5751'>\n\t\t\t\tVall\u00e9e de la Tr\u00e9zenne, Boissi\u00e8re-sur-Evre\n\t\t\t\t<\/dd><\/dl><br style=\"clear: both\" \/><dl class='gallery-item'>\n\t\t\t<dt class='gallery-icon landscape'>\n\t\t\t\t<a href='https:\/\/mylidin.fr\/?attachment_id=5750'><img loading=\"lazy\" decoding=\"async\" width=\"150\" height=\"150\" src=\"https:\/\/mylidin.fr\/wp-content\/uploads\/2017\/11\/WP_20180513_15_30_29_s-150x150.jpg\" class=\"attachment-thumbnail size-thumbnail\" alt=\"\" aria-describedby=\"gallery-1-5750\" srcset=\"https:\/\/mylidin.fr\/wp-content\/uploads\/2017\/11\/WP_20180513_15_30_29_s-150x150.jpg 150w, https:\/\/mylidin.fr\/wp-content\/uploads\/2017\/11\/WP_20180513_15_30_29_s-640x640.jpg 640w\" sizes=\"auto, (max-width: 150px) 100vw, 150px\" \/><\/a>\n\t\t\t<\/dt>\n\t\t\t\t<dd class='wp-caption-text gallery-caption' id='gallery-1-5750'>\n\t\t\t\tVall\u00e9e de la Tr\u00e9zenne, Boissi\u00e8re-sur-Evre\n\t\t\t\t<\/dd><\/dl><dl class='gallery-item'>\n\t\t\t<dt class='gallery-icon landscape'>\n\t\t\t\t<a href='https:\/\/mylidin.fr\/?attachment_id=5749'><img loading=\"lazy\" decoding=\"async\" width=\"150\" height=\"150\" src=\"https:\/\/mylidin.fr\/wp-content\/uploads\/2017\/11\/WP_20180513_17_22_03_s-150x150.jpg\" class=\"attachment-thumbnail size-thumbnail\" alt=\"\" aria-describedby=\"gallery-1-5749\" srcset=\"https:\/\/mylidin.fr\/wp-content\/uploads\/2017\/11\/WP_20180513_17_22_03_s-150x150.jpg 150w, https:\/\/mylidin.fr\/wp-content\/uploads\/2017\/11\/WP_20180513_17_22_03_s-640x640.jpg 640w\" sizes=\"auto, (max-width: 150px) 100vw, 150px\" \/><\/a>\n\t\t\t<\/dt>\n\t\t\t\t<dd class='wp-caption-text gallery-caption' id='gallery-1-5749'>\n\t\t\t\tAu dessus de Boissi\u00e8re-sur-Evre\n\t\t\t\t<\/dd><\/dl><dl class='gallery-item'>\n\t\t\t<dt class='gallery-icon landscape'>\n\t\t\t\t<a href='https:\/\/mylidin.fr\/?attachment_id=5621'><img loading=\"lazy\" decoding=\"async\" width=\"150\" height=\"150\" src=\"https:\/\/mylidin.fr\/wp-content\/uploads\/2017\/11\/WP_20170917_15_55_34_Pro-150x150.jpg\" class=\"attachment-thumbnail size-thumbnail\" alt=\"\" aria-describedby=\"gallery-1-5621\" srcset=\"https:\/\/mylidin.fr\/wp-content\/uploads\/2017\/11\/WP_20170917_15_55_34_Pro-150x150.jpg 150w, https:\/\/mylidin.fr\/wp-content\/uploads\/2017\/11\/WP_20170917_15_55_34_Pro-640x640.jpg 640w\" sizes=\"auto, (max-width: 150px) 100vw, 150px\" \/><\/a>\n\t\t\t<\/dt>\n\t\t\t\t<dd class='wp-caption-text gallery-caption' id='gallery-1-5621'>\n\t\t\t\tVue du Prieur\u00e9, Saint-Georges-des-Sept-Voies, octobre 2017\n\t\t\t\t<\/dd><\/dl><br style=\"clear: both\" \/><dl class='gallery-item'>\n\t\t\t<dt class='gallery-icon landscape'>\n\t\t\t\t<a href='https:\/\/mylidin.fr\/?attachment_id=5620'><img loading=\"lazy\" decoding=\"async\" width=\"150\" height=\"150\" src=\"https:\/\/mylidin.fr\/wp-content\/uploads\/2017\/11\/WP_20171030_17_07_19_Pro-150x150.jpg\" class=\"attachment-thumbnail size-thumbnail\" alt=\"\" aria-describedby=\"gallery-1-5620\" srcset=\"https:\/\/mylidin.fr\/wp-content\/uploads\/2017\/11\/WP_20171030_17_07_19_Pro-150x150.jpg 150w, https:\/\/mylidin.fr\/wp-content\/uploads\/2017\/11\/WP_20171030_17_07_19_Pro-640x640.jpg 640w\" sizes=\"auto, (max-width: 150px) 100vw, 150px\" \/><\/a>\n\t\t\t<\/dt>\n\t\t\t\t<dd class='wp-caption-text gallery-caption' id='gallery-1-5620'>\n\t\t\t\tBords de Loire, La Pointe, novembre 2017\n\t\t\t\t<\/dd><\/dl><dl class='gallery-item'>\n\t\t\t<dt class='gallery-icon landscape'>\n\t\t\t\t<a href='https:\/\/mylidin.fr\/?attachment_id=5698'><img loading=\"lazy\" decoding=\"async\" width=\"150\" height=\"150\" src=\"https:\/\/mylidin.fr\/wp-content\/uploads\/2017\/11\/WP_20171129_08_08_41_Pro_s-150x150.jpg\" class=\"attachment-thumbnail size-thumbnail\" alt=\"\" aria-describedby=\"gallery-1-5698\" srcset=\"https:\/\/mylidin.fr\/wp-content\/uploads\/2017\/11\/WP_20171129_08_08_41_Pro_s-150x150.jpg 150w, https:\/\/mylidin.fr\/wp-content\/uploads\/2017\/11\/WP_20171129_08_08_41_Pro_s-640x640.jpg 640w\" sizes=\"auto, (max-width: 150px) 100vw, 150px\" \/><\/a>\n\t\t\t<\/dt>\n\t\t\t\t<dd class='wp-caption-text gallery-caption' id='gallery-1-5698'>\n\t\t\t\tBiarritz, novembre 2017\n\t\t\t\t<\/dd><\/dl><dl class='gallery-item'>\n\t\t\t<dt class='gallery-icon landscape'>\n\t\t\t\t<a href='https:\/\/mylidin.fr\/?attachment_id=5697'><img loading=\"lazy\" decoding=\"async\" width=\"150\" height=\"150\" src=\"https:\/\/mylidin.fr\/wp-content\/uploads\/2017\/11\/WP_20171130_09_17_52_Pro_s-150x150.jpg\" class=\"attachment-thumbnail size-thumbnail\" alt=\"\" aria-describedby=\"gallery-1-5697\" srcset=\"https:\/\/mylidin.fr\/wp-content\/uploads\/2017\/11\/WP_20171130_09_17_52_Pro_s-150x150.jpg 150w, https:\/\/mylidin.fr\/wp-content\/uploads\/2017\/11\/WP_20171130_09_17_52_Pro_s-640x640.jpg 640w, https:\/\/mylidin.fr\/wp-content\/uploads\/2017\/11\/WP_20171130_09_17_52_Pro_s-1200x1200.jpg 1200w\" sizes=\"auto, (max-width: 150px) 100vw, 150px\" \/><\/a>\n\t\t\t<\/dt>\n\t\t\t\t<dd class='wp-caption-text gallery-caption' id='gallery-1-5697'>\n\t\t\t\tBordeaux, novembre 2017\n\t\t\t\t<\/dd><\/dl><br style=\"clear: both\" \/>\n\t\t<\/div>\n\n","protected":false},"excerpt":{"rendered":"","protected":false},"author":1,"featured_media":0,"parent":0,"menu_order":0,"comment_status":"closed","ping_status":"closed","template":"template-slideshow-gallery.php","meta":{"footnotes":""},"class_list":["post-5642","page","type-page","status-publish","hentry"],"yoast_head":"<!-- This site is optimized with the Yoast SEO plugin v25.5 - https:\/\/yoast.com\/wordpress\/plugins\/seo\/ -->\n<title>vitrine - My Lid-In Le Blog<\/title>\n<meta name=\"robots\" content=\"noindex, follow, max-snippet:-1, max-image-preview:large, max-video-preview:-1\" \/>\n<meta property=\"og:locale\" content=\"fr_FR\" \/>\n<meta property=\"og:type\" content=\"article\" \/>\n<meta property=\"og:title\" content=\"vitrine - My Lid-In Le Blog\" \/>\n<meta property=\"og:url\" content=\"https:\/\/mylidin.fr\/?page_id=5642\" \/>\n<meta property=\"og:site_name\" content=\"My Lid-In Le Blog\" \/>\n<meta property=\"article:modified_time\" content=\"2018-05-21T21:53:39+00:00\" \/>\n<meta property=\"og:image\" content=\"https:\/\/mylidin.fr\/wp-content\/uploads\/2017\/11\/WP_20180513_17_45_11_s-150x150.jpg\" \/>\n<meta name=\"twitter:card\" content=\"summary_large_image\" \/>\n<script type=\"application\/ld+json\" class=\"yoast-schema-graph\">{\"@context\":\"https:\/\/schema.org\",\"@graph\":[{\"@type\":\"WebPage\",\"@id\":\"https:\/\/mylidin.fr\/?page_id=5642\",\"url\":\"https:\/\/mylidin.fr\/?page_id=5642\",\"name\":\"vitrine - My Lid-In Le Blog\",\"isPartOf\":{\"@id\":\"https:\/\/mylidin.fr\/#website\"},\"datePublished\":\"2017-11-05T20:49:25+00:00\",\"dateModified\":\"2018-05-21T21:53:39+00:00\",\"breadcrumb\":{\"@id\":\"https:\/\/mylidin.fr\/?page_id=5642#breadcrumb\"},\"inLanguage\":\"fr-FR\",\"potentialAction\":[{\"@type\":\"ReadAction\",\"target\":[\"https:\/\/mylidin.fr\/?page_id=5642\"]}]},{\"@type\":\"BreadcrumbList\",\"@id\":\"https:\/\/mylidin.fr\/?page_id=5642#breadcrumb\",\"itemListElement\":[{\"@type\":\"ListItem\",\"position\":1,\"name\":\"Accueil\",\"item\":\"https:\/\/mylidin.fr\/\"},{\"@type\":\"ListItem\",\"position\":2,\"name\":\"vitrine\"}]},{\"@type\":\"WebSite\",\"@id\":\"https:\/\/mylidin.fr\/#website\",\"url\":\"https:\/\/mylidin.fr\/\",\"name\":\"My Lid-In Le Blog\",\"description\":\"Pens\u00e9es, images et fonds de tiroirs\",\"potentialAction\":[{\"@type\":\"SearchAction\",\"target\":{\"@type\":\"EntryPoint\",\"urlTemplate\":\"https:\/\/mylidin.fr\/?s={search_term_string}\"},\"query-input\":{\"@type\":\"PropertyValueSpecification\",\"valueRequired\":true,\"valueName\":\"search_term_string\"}}],\"inLanguage\":\"fr-FR\"}]}<\/script>\n<!-- \/ Yoast SEO plugin. -->","yoast_head_json":{"title":"vitrine - My Lid-In Le Blog","robots":{"index":"noindex","follow":"follow","max-snippet":"max-snippet:-1","max-image-preview":"max-image-preview:large","max-video-preview":"max-video-preview:-1"},"og_locale":"fr_FR","og_type":"article","og_title":"vitrine - My Lid-In Le Blog","og_url":"https:\/\/mylidin.fr\/?page_id=5642","og_site_name":"My Lid-In Le Blog","article_modified_time":"2018-05-21T21:53:39+00:00","og_image":[{"url":"https:\/\/mylidin.fr\/wp-content\/uploads\/2017\/11\/WP_20180513_17_45_11_s-150x150.jpg","type":"","width":"","height":""}],"twitter_card":"summary_large_image","schema":{"@context":"https:\/\/schema.org","@graph":[{"@type":"WebPage","@id":"https:\/\/mylidin.fr\/?page_id=5642","url":"https:\/\/mylidin.fr\/?page_id=5642","name":"vitrine - My Lid-In Le Blog","isPartOf":{"@id":"https:\/\/mylidin.fr\/#website"},"datePublished":"2017-11-05T20:49:25+00:00","dateModified":"2018-05-21T21:53:39+00:00","breadcrumb":{"@id":"https:\/\/mylidin.fr\/?page_id=5642#breadcrumb"},"inLanguage":"fr-FR","potentialAction":[{"@type":"ReadAction","target":["https:\/\/mylidin.fr\/?page_id=5642"]}]},{"@type":"BreadcrumbList","@id":"https:\/\/mylidin.fr\/?page_id=5642#breadcrumb","itemListElement":[{"@type":"ListItem","position":1,"name":"Accueil","item":"https:\/\/mylidin.fr\/"},{"@type":"ListItem","position":2,"name":"vitrine"}]},{"@type":"WebSite","@id":"https:\/\/mylidin.fr\/#website","url":"https:\/\/mylidin.fr\/","name":"My Lid-In Le Blog","description":"Pens\u00e9es, images et fonds de tiroirs","potentialAction":[{"@type":"SearchAction","target":{"@type":"EntryPoint","urlTemplate":"https:\/\/mylidin.fr\/?s={search_term_string}"},"query-input":{"@type":"PropertyValueSpecification","valueRequired":true,"valueName":"search_term_string"}}],"inLanguage":"fr-FR"}]}},"_links":{"self":[{"href":"https:\/\/mylidin.fr\/index.php?rest_route=\/wp\/v2\/pages\/5642","targetHints":{"allow":["GET"]}}],"collection":[{"href":"https:\/\/mylidin.fr\/index.php?rest_route=\/wp\/v2\/pages"}],"about":[{"href":"https:\/\/mylidin.fr\/index.php?rest_route=\/wp\/v2\/types\/page"}],"author":[{"embeddable":true,"href":"https:\/\/mylidin.fr\/index.php?rest_route=\/wp\/v2\/users\/1"}],"replies":[{"embeddable":true,"href":"https:\/\/mylidin.fr\/index.php?rest_route=%2Fwp%2Fv2%2Fcomments&post=5642"}],"version-history":[{"count":5,"href":"https:\/\/mylidin.fr\/index.php?rest_route=\/wp\/v2\/pages\/5642\/revisions"}],"predecessor-version":[{"id":5755,"href":"https:\/\/mylidin.fr\/index.php?rest_route=\/wp\/v2\/pages\/5642\/revisions\/5755"}],"wp:attachment":[{"href":"https:\/\/mylidin.fr\/index.php?rest_route=%2Fwp%2Fv2%2Fmedia&parent=5642"}],"curies":[{"name":"wp","href":"https:\/\/api.w.org\/{rel}","templated":true}]}}